{"id":4400,"date":"2021-10-12T15:51:09","date_gmt":"2021-10-12T15:51:09","guid":{"rendered":"http:\/\/dummy.xtemos.com\/woodmart2\/elementor\/?page_id=4400"},"modified":"2025-05-08T10:04:35","modified_gmt":"2025-05-08T08:04:35","slug":"stefano","status":"publish","type":"page","link":"https:\/\/coccioli.com\/it\/stefano\/","title":{"rendered":"Stefano"},"content":{"rendered":"<div data-elementor-type=\"wp-page\" data-elementor-id=\"4400\" class=\"elementor elementor-4400\" data-elementor-post-type=\"page\">\n\t\t\t\t<div class=\"wd-negative-gap elementor-element elementor-element-7c7c544 e-flex e-con-boxed e-con e-parent\" data-id=\"7c7c544\" data-element_type=\"container\">\n\t\t\t\t\t<div class=\"e-con-inner\">\n\t\t<div class=\"elementor-element elementor-element-e7cb5cd e-con-full e-flex e-con e-child\" data-id=\"e7cb5cd\" data-element_type=\"container\">\n\t\t\t\t<div class=\"elementor-element elementor-element-56aec39 elementor-widget elementor-widget-wd_image_or_svg\" data-id=\"56aec39\" data-element_type=\"widget\" data-widget_type=\"wd_image_or_svg.default\">\n\t\t\t\t<div class=\"elementor-widget-container\">\n\t\t\t\t\t\n\t\t<div class=\"wd-image text-center\">\n\t\t\t\t\t\t\t\t<img loading=\"lazy\" decoding=\"async\" width=\"418\" height=\"400\" src=\"https:\/\/coccioli.com\/wp-content\/uploads\/2025\/05\/stefano-coccioli.jpeg\" class=\"attachment-full size-full\" alt=\"\" srcset=\"https:\/\/coccioli.com\/wp-content\/uploads\/2025\/05\/stefano-coccioli.jpeg 418w, https:\/\/coccioli.com\/wp-content\/uploads\/2025\/05\/stefano-coccioli-150x144.jpeg 150w, https:\/\/coccioli.com\/wp-content\/uploads\/2025\/05\/stefano-coccioli-314x300.jpeg 314w\" sizes=\"auto, (max-width: 418px) 100vw, 418px\" \/>\t\t\t\t\t<\/div>\n\n\t\t\t\t\t\t<\/div>\n\t\t\t\t<\/div>\n\t\t\t\t<\/div>\n\t\t<div class=\"elementor-element elementor-element-97d6084 e-con-full e-flex e-con e-child\" data-id=\"97d6084\" data-element_type=\"container\">\n\t\t\t\t<div class=\"elementor-element elementor-element-98d830b wd-width-100 elementor-widget elementor-widget-wd_title\" data-id=\"98d830b\" data-element_type=\"widget\" data-widget_type=\"wd_title.default\">\n\t\t\t\t<div class=\"elementor-widget-container\">\n\t\t\t\t\t\t\t<div class=\"title-wrapper wd-set-mb reset-last-child wd-title-color-primary wd-title-style-default wd-title-size-large text-left\">\n\n\t\t\t\n\t\t\t<div class=\"liner-continer\">\n\t\t\t\t<h4 class=\"woodmart-title-container title wd-fontsize-xxl\">Stefano Coccioli<\/h4> \n\t\t\t\t\t\t\t<\/div>\n\n\t\t\t\t\t\t\t<div class=\"title-after_title reset-last-child wd-fontsize-s\">\n\t\t\t\t\t<h4><span class=\"wixui-rich-text__text\">Quando mi dedico alla decorazione artistica, sono sempre motivato a scoprire di pi\u00f9, a sperimentare di pi\u00f9, a ricercare di pi\u00f9, e questo mi ha sempre spinto in avanti.<\/span><\/h4>\t\t\t\t<\/div>\n\t\t\t\t\t<\/div>\n\t\t\t\t\t\t<\/div>\n\t\t\t\t<\/div>\n\t\t\t\t<div class=\"elementor-element elementor-element-66e47ad elementor-widget elementor-widget-wd_text_block\" data-id=\"66e47ad\" data-element_type=\"widget\" data-widget_type=\"wd_text_block.default\">\n\t\t\t\t<div class=\"elementor-widget-container\">\n\t\t\t\t\t\t\t<div class=\"wd-text-block reset-last-child text-left\">\n\t\t\t\n\t\t\t<h5 class=\"font_5 wixui-rich-text__text\"><span class=\"wixui-rich-text__text\">Dopo essersi diplomato alla Scuola d'Arte Hajech di Milano nel 1974, Stefano Coccioli intraprese una vita in mare, attratto dalla libert\u00e0 e dal senso di scoperta che essa gli offriva. Questa vita gli diede anche l'opportunit\u00e0 di mettersi in gioco: non prendere la strada pi\u00f9 facile ha sempre caratterizzato la sua vita di artista. Dopo un decennio trascorso a navigare nel Mediterraneo come skipper, torn\u00f2 a Milano.<\/span><\/h5>\n\t\t\t\t\t<\/div>\n\t\t\t\t\t\t<\/div>\n\t\t\t\t<\/div>\n\t\t\t\t<\/div>\n\t\t\t\t\t<\/div>\n\t\t\t\t<\/div>\n\t\t<div class=\"wd-negative-gap elementor-element elementor-element-6b71f4f e-flex e-con-boxed e-con e-parent\" data-id=\"6b71f4f\" data-element_type=\"container\">\n\t\t\t\t\t<div class=\"e-con-inner\">\n\t\t\t\t<div class=\"elementor-element elementor-element-7877cff color-scheme-inherit text-left elementor-widget elementor-widget-text-editor\" data-id=\"7877cff\" data-element_type=\"widget\" data-widget_type=\"text-editor.default\">\n\t\t\t\t<div class=\"elementor-widget-container\">\n\t\t\t\t\t\t\t\t\t<h5 class=\"font_5 wixui-rich-text__text\"><span class=\"wixui-rich-text__text\">Questo ritorno segn\u00f2 l'inizio di una nuova direzione e di un percorso verso l'uso di tecniche decorative tradizionali che Stefano ricre\u00f2 sotto la guida di esperti artigiani specializzati nel restauro di dimore e palazzi settecenteschi e ottocenteschi in Lombardia.<\/span><\/h5><h5 class=\"font_5 wixui-rich-text__text\"><span class=\"wixui-rich-text__text\">In seguito, svilupp\u00f2 una passione per il marmo finto decorativo mentre studiava all'Ecole Renaissance di Parigi nel 1988.<\/span><\/h5><h5 class=\"font_5 wixui-rich-text__text\"><span class=\"wixui-rich-text__text\">In seguito, applic\u00f2 questa tecnica e raggiunse la completa autonomia artistica. Non solo lavor\u00f2 nella conservazione e nei restauri decorativi di dimore storiche in Toscana, Sicilia, Francia e Stati Uniti, ma si immerse anche nella creazione di pannelli ornamentali in gesso per clienti in tutto il mondo, dall'Italia e dalla Svizzera all'Australia, al Giappone e all'America.<\/span><\/h5><h5 class=\"font_5 wixui-rich-text__text\"><span class=\"wixui-rich-text__text\">\u200b<\/span><span class=\"wixui-rich-text__text\">Stefano espone in permanenza presso il\u00a0<a class=\"wixui-rich-text__text\" href=\"https:\/\/www.galerieelektra.com\/coccioli\" target=\"_blank\" rel=\"noopener\">Galleria Elektra<\/a>\u00a0a Sausalito.<\/span><\/h5>\t\t\t\t\t\t\t\t<\/div>\n\t\t\t\t<\/div>\n\t\t\t\t\t<\/div>\n\t\t\t\t<\/div>\n\t\t<div class=\"wd-negative-gap elementor-element elementor-element-f8aa56d e-flex e-con-boxed e-con e-parent\" data-id=\"f8aa56d\" data-element_type=\"container\">\n\t\t\t\t\t<div class=\"e-con-inner\">\n\t\t\t\t<div class=\"elementor-element elementor-element-bba9c61 color-scheme-inherit text-left elementor-widget elementor-widget-text-editor\" data-id=\"bba9c61\" data-element_type=\"widget\" data-widget_type=\"text-editor.default\">\n\t\t\t\t<div class=\"elementor-widget-container\">\n\t\t\t\t\t\t\t\t\t<p>\u00a0<\/p><p class=\"font_4 wixui-rich-text__text\"><span class=\"wixui-rich-text__text\">Mi sono sempre considerato un 'ricercatore-lavoratore'. Ricerca, lettura e sperimentazione sono essenziali per poter spingere oltre i confini.<\/span><\/p>\t\t\t\t\t\t\t\t<\/div>\n\t\t\t\t<\/div>\n\t\t\t\t\t<\/div>\n\t\t\t\t<\/div>\n\t\t<div class=\"wd-negative-gap elementor-element elementor-element-fcba854 e-flex e-con-boxed e-con e-parent\" data-id=\"fcba854\" data-element_type=\"container\">\n\t\t\t\t\t<div class=\"e-con-inner\">\n\t\t\t\t<div class=\"elementor-element elementor-element-5274956 color-scheme-inherit text-left elementor-widget elementor-widget-text-editor\" data-id=\"5274956\" data-element_type=\"widget\" data-widget_type=\"text-editor.default\">\n\t\t\t\t<div class=\"elementor-widget-container\">\n\t\t\t\t\t\t\t\t\t<h5>\u00a0<\/h5><h5 class=\"font_5 wixui-rich-text__text\"><span class=\"wixui-rich-text__text\">Ed \u00e8 proprio questa ricerca che ha portato al desiderio di apprendere l'antica arte della scagliola, un'arte tramandata da un piccolo gruppo di abili artigiani in Valsesia (Piemonte). Nel XVIII secolo, gli artigiani valsesiani svilupparono competenze speciali nella lavorazione della scagliola, perfezionando una tecnica gi\u00e0 esistente di imitazione del marmo per produrre pezzi di qualit\u00e0 eccezionale.<br class=\"wixui-rich-text__text\" \/><br class=\"wixui-rich-text__text\" \/>Dopo questo periodo di specializzazione, ebbero luogo nuove fasi di sperimentazione e produzione. I tavoli di Stefano presero forma come un'unione tra passato e presente, tra materiali e colore, insieme a effetti cromatici che trasmettono le atmosfere dell'India e dell'Africa.<\/span><\/h5>\t\t\t\t\t\t\t\t<\/div>\n\t\t\t\t<\/div>\n\t\t\t\t\t<\/div>\n\t\t\t\t<\/div>\n\t\t<div class=\"wd-negative-gap elementor-element elementor-element-470f692 e-flex e-con-boxed e-con e-parent\" data-id=\"470f692\" data-element_type=\"container\">\n\t\t\t\t\t<div class=\"e-con-inner\">\n\t\t\t\t<div class=\"elementor-element elementor-element-0305515 color-scheme-inherit text-left elementor-widget elementor-widget-text-editor\" data-id=\"0305515\" data-element_type=\"widget\" data-widget_type=\"text-editor.default\">\n\t\t\t\t<div class=\"elementor-widget-container\">\n\t\t\t\t\t\t\t\t\t<h4>\u00a0<\/h4><p class=\"font_4 wixui-rich-text__text\"><span class=\"wixui-rich-text__text\">I colori trasmettono vibrazioni intense: \u00e8 questo che mi d\u00e0 la spinta per spingere oltre i confini e la pazienza di attendere che un risultato finale si materializzi dopo i molteplici passaggi della creazione di ogni singolo pezzo.<\/span><\/p>\t\t\t\t\t\t\t\t<\/div>\n\t\t\t\t<\/div>\n\t\t\t\t\t<\/div>\n\t\t\t\t<\/div>\n\t\t\t\t<\/div>","protected":false},"excerpt":{"rendered":"<p>Stefano Coccioli When I do artistic decoration I am always motivated to find out more, to experience more, to research<\/p>","protected":false},"author":1,"featured_media":0,"parent":0,"menu_order":0,"comment_status":"closed","ping_status":"closed","template":"","meta":{"footnotes":""},"class_list":["post-4400","page","type-page","status-publish","hentry"],"_links":{"self":[{"href":"https:\/\/coccioli.com\/it\/wp-json\/wp\/v2\/pages\/4400","targetHints":{"allow":["GET"]}}],"collection":[{"href":"https:\/\/coccioli.com\/it\/wp-json\/wp\/v2\/pages"}],"about":[{"href":"https:\/\/coccioli.com\/it\/wp-json\/wp\/v2\/types\/page"}],"author":[{"embeddable":true,"href":"https:\/\/coccioli.com\/it\/wp-json\/wp\/v2\/users\/1"}],"replies":[{"embeddable":true,"href":"https:\/\/coccioli.com\/it\/wp-json\/wp\/v2\/comments?post=4400"}],"version-history":[{"count":10,"href":"https:\/\/coccioli.com\/it\/wp-json\/wp\/v2\/pages\/4400\/revisions"}],"predecessor-version":[{"id":15760,"href":"https:\/\/coccioli.com\/it\/wp-json\/wp\/v2\/pages\/4400\/revisions\/15760"}],"wp:attachment":[{"href":"https:\/\/coccioli.com\/it\/wp-json\/wp\/v2\/media?parent=4400"}],"curies":[{"name":"wp","href":"https:\/\/api.w.org\/{rel}","templated":true}]}}