{"id":15650,"date":"2025-05-07T13:32:51","date_gmt":"2025-05-07T11:32:51","guid":{"rendered":"https:\/\/stefano.xplication.ro\/?post_type=product&#038;p=15650"},"modified":"2025-11-26T14:56:40","modified_gmt":"2025-11-26T13:56:40","slug":"coffee-table-etnico-uno","status":"publish","type":"product","link":"https:\/\/coccioli.com\/it\/coffee-table-etnico-uno\/","title":{"rendered":"Tavolino da caff\u00e8 Etnico Uno"},"content":{"rendered":"<h1 data-start=\"323\" data-end=\"371\">Tavolino da caff\u00e8 Etnico Uno<\/h1>\n<p data-start=\"373\" data-end=\"742\">Il tavolino Etnico Uno celebra l'arte senza tempo della scagliola italiana, coniugando tradizione culturale ed eleganza contemporanea. Creato da Stefano Coccioli, maestro artigiano dedito alla conservazione e alla reinterpretazione di questa tecnica rinascimentale, il tavolino \u00e8 un esempio di come l'artigianato possa trasformare un mobile funzionale in un vero e proprio oggetto d'arte.<\/p>\n<p data-start=\"744\" data-end=\"1145\">Il design Etnico Uno trae ispirazione da antichi motivi etnici, reinterpretati in chiave moderna. La sua superficie decorativa rivela un sofisticato gioco di geometrie e pigmenti naturali, dove linee ritmiche e colori contrastanti creano una composizione sorprendente. Questa estetica evoca sia la tradizione che la modernit\u00e0, rendendola versatile per interni che spaziano dal classico all'avanguardia.<\/p>\n<p data-start=\"1147\" data-end=\"1586\">Al centro del tavolo c'\u00e8 la tecnica della scagliola: una miscela di gesso, pigmenti naturali e polvere di marmo, meticolosamente applicata, lucidata e rifinita a mano. Storicamente utilizzata per emulare il marmo e le pietre semipreziose, la scagliola nelle opere di Coccioli trascende l'imitazione, diventando invece un mezzo di espressione artistica. Il risultato \u00e8 una superficie dotata di profondit\u00e0, texture e luminosit\u00e0, capace di catturare l'occhio come un dipinto.<\/p>\n<p data-start=\"1588\" data-end=\"1855\">Ogni tavolino Etnico Uno \u00e8 unico, poich\u00e9 il processo di lavorazione artigianale garantisce sottili variazioni di tonalit\u00e0, motivi e texture. Non esistono due tavolini identici, il che ne conferma lo status di pezzo da collezione e sottolinea l'esclusivit\u00e0 della collezione Coccioli.<\/p>\n<p data-start=\"1857\" data-end=\"2348\">La funzionalit\u00e0 si sposa con l'arte. Il diametro di 60 cm del tavolo crea una superficie ben bilanciata, adatta a soggiorni, lounge o interni ispirati alle gallerie d'arte. La base in metallo \u00e8 disponibile in tre opzioni: 30 cm, 40 cm o senza gambe, offrendo flessibilit\u00e0 nell'integrazione del tavolo nell'ambiente. Per perfezionarne l'armonia estetica, la base \u00e8 personalizzabile nei colori Nero, Ottone, Ferro o Bianco, migliorandone l'adattabilit\u00e0 sia agli interni audaci che a quelli minimalisti.<\/p>\n<p data-start=\"2350\" data-end=\"2665\">Etnico Uno non \u00e8 semplicemente un tavolo, ma un vero e proprio oggetto di conversazione. Funge da punto focale scultoreo, fondendo profondit\u00e0 culturale e design funzionale. La sua geometria di ispirazione etnica evoca una continuit\u00e0 tra passato e presente, simboleggiando un filo ininterrotto di tradizione artistica che si perpetua nell'era moderna.<\/p>\n<p data-start=\"2667\" data-end=\"2963\">Con la sua lavorazione artigianale, la geometria raffinata e la base personalizzabile, il tavolino Etnico Uno \u00e8 destinato a collezionisti, designer e proprietari di casa che apprezzano oggetti senza tempo, dotati di un'anima. Questo pezzo \u00e8 allo stesso tempo pratico e poetico, e incarna l'essenza del lusso artigianale italiano.<\/p>","protected":false},"excerpt":{"rendered":"<p>Il tavolino Etnico Uno presenta un piano in scagliola lavorato a mano con motivi geometrici di ispirazione etnica, in equilibrio tra tradizione ed eleganza moderna. Ogni pezzo \u00e8 unico.<\/p>\n<p>Il tavolino potrebbe non essere disponibile nel nostro magazzino. Questo pezzo unico \u00e8 realizzato su ordinazione o \u00e8 un'edizione limitata. L'azione che stai per intraprendere \u00e8 una richiesta di preventivo personalizzato, non un acquisto immediato.<br aria-hidden=\"true\" \/>I dettagli esatti riguardanti i tempi di produzione, i costi di spedizione internazionali e l'eventuale gestione delle tasse doganali saranno calcolati specificatamente per il cliente e comunicati via email entro 24\/48 ore lavorative<\/p>","protected":false},"featured_media":15651,"comment_status":"open","ping_status":"closed","template":"","meta":[],"product_brand":[],"product_cat":[20],"product_tag":[],"class_list":{"0":"post-15650","1":"product","2":"type-product","3":"status-publish","4":"has-post-thumbnail","6":"product_cat-coffee-table","8":"first","9":"instock","10":"shipping-taxable","11":"purchasable","12":"product-type-variable","13":"has-default-attributes"},"_links":{"self":[{"href":"https:\/\/coccioli.com\/it\/wp-json\/wp\/v2\/product\/15650","targetHints":{"allow":["GET"]}}],"collection":[{"href":"https:\/\/coccioli.com\/it\/wp-json\/wp\/v2\/product"}],"about":[{"href":"https:\/\/coccioli.com\/it\/wp-json\/wp\/v2\/types\/product"}],"replies":[{"embeddable":true,"href":"https:\/\/coccioli.com\/it\/wp-json\/wp\/v2\/comments?post=15650"}],"version-history":[{"count":5,"href":"https:\/\/coccioli.com\/it\/wp-json\/wp\/v2\/product\/15650\/revisions"}],"predecessor-version":[{"id":16843,"href":"https:\/\/coccioli.com\/it\/wp-json\/wp\/v2\/product\/15650\/revisions\/16843"}],"wp:featuredmedia":[{"embeddable":true,"href":"https:\/\/coccioli.com\/it\/wp-json\/wp\/v2\/media\/15651"}],"wp:attachment":[{"href":"https:\/\/coccioli.com\/it\/wp-json\/wp\/v2\/media?parent=15650"}],"wp:term":[{"taxonomy":"product_brand","embeddable":true,"href":"https:\/\/coccioli.com\/it\/wp-json\/wp\/v2\/product_brand?post=15650"},{"taxonomy":"product_cat","embeddable":true,"href":"https:\/\/coccioli.com\/it\/wp-json\/wp\/v2\/product_cat?post=15650"},{"taxonomy":"product_tag","embeddable":true,"href":"https:\/\/coccioli.com\/it\/wp-json\/wp\/v2\/product_tag?post=15650"}],"curies":[{"name":"wp","href":"https:\/\/api.w.org\/{rel}","templated":true}]}}