{"id":15662,"date":"2025-05-07T13:40:15","date_gmt":"2025-05-07T11:40:15","guid":{"rendered":"https:\/\/stefano.xplication.ro\/?post_type=product&#038;p=15662"},"modified":"2025-11-26T14:56:07","modified_gmt":"2025-11-26T13:56:07","slug":"coffee-table-siena","status":"publish","type":"product","link":"https:\/\/coccioli.com\/it\/coffee-table-siena\/","title":{"rendered":"Tavolino da caff\u00e8 Siena"},"content":{"rendered":"<h1 data-start=\"309\" data-end=\"352\">Tavolino da caff\u00e8 Siena<\/h1>\n<p data-start=\"354\" data-end=\"812\">Il Tavolino da caff\u00e8 Siena \u00e8 una celebrazione di calore, artigianalit\u00e0 ed eredit\u00e0 italiana. Realizzato a mano da Stefano Coccioli, appartiene al raro mondo dei tavolini in scagliola, opere che riportano in vita una tecnica rinascimentale con una voce moderna e raffinata. Prende il nome dalla storica citt\u00e0 toscana di Siena, celebre per le sue tonalit\u00e0 terrose e l\u2019arte medievale, riflettendo la stessa armonia tra tradizione e vita contemporanea.<\/p>\n<p data-start=\"814\" data-end=\"1310\">Il design Siena si distingue per una composizione superficiale che richiama la ricchezza cromatica della terra. La scagliola rivela un gioco di sfumature ispirate al terracotta, grigi delicati e accenti avorio, creando un effetto luminoso ma radicato. La finitura lucida dialoga con la luce, producendo profondit\u00e0, ritmo e texture sottili che mutano a seconda della prospettiva. Proprio come la citt\u00e0 di Siena, il tavolino incarna un dialogo tra storia ed eleganza senza tempo.<\/p>\n<p data-start=\"1312\" data-end=\"1723\">Al suo nucleo, il Tavolino Siena celebra la nobile arte della scagliola. Nata in Italia durante il Rinascimento, questa tecnica artigianale combina polveri di marmo, gesso e pigmenti naturali per dare vita a superfici di straordinaria bellezza. Un tempo riservata a spazi sacri e interni palaziali, la scagliola \u00e8 reinterpretata da Coccioli come arredo di lusso fatto a mano, capace di unire passato e presente.<\/p>\n<p data-start=\"1725\" data-end=\"1981\">Ogni Tavolino Siena \u00e8 unico, poich\u00e9 la scagliola \u00e8 interamente realizzata a mano. Non esistono due superfici identiche: sottili variazioni di tonalit\u00e0 e dettagli garantiscono che ogni pezzo sia irripetibile, un vero oggetto da collezione che riflette autenticit\u00e0 e individualit\u00e0.<\/p>\n<p data-start=\"1983\" data-end=\"2436\">Oltre alla sua dimensione artistica, il tavolino offre versatilit\u00e0 e funzionalit\u00e0 raffinata. Disponibile con diametro di 45 cm, compatto ma di grande impatto, pu\u00f2 essere personalizzato con base in metallo in tre varianti: 30 cm, 40 cm o senza gambe, adattandosi a diversi stili d\u2019interni. La base \u00e8 proposta in Nero, Ottone, Ferro o Bianco, per offrire contrasti eleganti o armonie pi\u00f9 sobrie con la superficie.<\/p>\n<p data-start=\"2438\" data-end=\"2688\">Che si trovi in un loft moderno, nella lounge di un boutique hotel o in un salotto raffinato, il Tavolino da caff\u00e8 Siena si impone come elemento scultoreo, un punto focale che arricchisce gli interni con toni terrosi, calore e sofisticata eleganza.<\/p>\n<p data-start=\"2690\" data-end=\"3002\">Il Tavolino Siena riflette anche la filosofia di Coccioli: pazienza, rispetto per la tradizione e l\u2019impegno a creare oggetti destinati a durare. A differenza dei mobili prodotti in serie, il Siena porta con s\u00e9 lo spirito inconfondibile dell\u2019artigianato e dell\u2019individualit\u00e0, destinato a essere tramandato di generazione in generazione.<\/p>\n<p data-start=\"3004\" data-end=\"3180\">Pi\u00f9 che un arredo, il Tavolino da caff\u00e8 Siena \u00e8 un cimelio artistico\u2014un oggetto che trasforma gli interni con la sua risonanza culturale, la bellezza senza tempo e l\u2019anima italiana<\/p>","protected":false},"excerpt":{"rendered":"<p data-start=\"3232\" data-end=\"3481\">Il Tavolino da caff\u00e8 Siena \u00e8 un pezzo in scagliola realizzato a mano, ispirato al calore toscano, con tonalit\u00e0 terrose e un design italiano senza tempo. Ogni tavolino \u00e8 unico.<\/p>\n<p data-start=\"3232\" data-end=\"3481\">Il tavolino potrebbe non essere disponibile nel nostro magazzino. Questo pezzo unico \u00e8 realizzato su ordinazione o \u00e8 un'edizione limitata. L'azione che stai per intraprendere \u00e8 una richiesta di preventivo personalizzato, non un acquisto immediato.<br aria-hidden=\"true\" \/>I dettagli esatti riguardanti i tempi di produzione, i costi di spedizione internazionali e l'eventuale gestione delle tasse doganali saranno calcolati specificatamente per il cliente e comunicati via email entro 24\/48 ore lavorative<\/p>","protected":false},"featured_media":15688,"comment_status":"open","ping_status":"closed","template":"","meta":[],"product_brand":[],"product_cat":[20],"product_tag":[],"class_list":{"0":"post-15662","1":"product","2":"type-product","3":"status-publish","4":"has-post-thumbnail","6":"product_cat-coffee-table","8":"first","9":"instock","10":"shipping-taxable","11":"purchasable","12":"product-type-variable","13":"has-default-attributes"},"_links":{"self":[{"href":"https:\/\/coccioli.com\/it\/wp-json\/wp\/v2\/product\/15662","targetHints":{"allow":["GET"]}}],"collection":[{"href":"https:\/\/coccioli.com\/it\/wp-json\/wp\/v2\/product"}],"about":[{"href":"https:\/\/coccioli.com\/it\/wp-json\/wp\/v2\/types\/product"}],"replies":[{"embeddable":true,"href":"https:\/\/coccioli.com\/it\/wp-json\/wp\/v2\/comments?post=15662"}],"version-history":[{"count":5,"href":"https:\/\/coccioli.com\/it\/wp-json\/wp\/v2\/product\/15662\/revisions"}],"predecessor-version":[{"id":16840,"href":"https:\/\/coccioli.com\/it\/wp-json\/wp\/v2\/product\/15662\/revisions\/16840"}],"wp:featuredmedia":[{"embeddable":true,"href":"https:\/\/coccioli.com\/it\/wp-json\/wp\/v2\/media\/15688"}],"wp:attachment":[{"href":"https:\/\/coccioli.com\/it\/wp-json\/wp\/v2\/media?parent=15662"}],"wp:term":[{"taxonomy":"product_brand","embeddable":true,"href":"https:\/\/coccioli.com\/it\/wp-json\/wp\/v2\/product_brand?post=15662"},{"taxonomy":"product_cat","embeddable":true,"href":"https:\/\/coccioli.com\/it\/wp-json\/wp\/v2\/product_cat?post=15662"},{"taxonomy":"product_tag","embeddable":true,"href":"https:\/\/coccioli.com\/it\/wp-json\/wp\/v2\/product_tag?post=15662"}],"curies":[{"name":"wp","href":"https:\/\/api.w.org\/{rel}","templated":true}]}}