{"id":15678,"date":"2025-05-07T14:07:15","date_gmt":"2025-05-07T12:07:15","guid":{"rendered":"https:\/\/stefano.xplication.ro\/?post_type=product&#038;p=15678"},"modified":"2025-11-26T14:55:00","modified_gmt":"2025-11-26T13:55:00","slug":"coffee-table-pesciolini","status":"publish","type":"product","link":"https:\/\/coccioli.com\/it\/coffee-table-pesciolini\/","title":{"rendered":"Tavolino da caff\u00e8 Pesciolini"},"content":{"rendered":"<h1 data-start=\"377\" data-end=\"425\">Tavolino da caff\u00e8 Pesciolini<\/h1>\n<p data-start=\"427\" data-end=\"900\">Il Tavolino da caff\u00e8 Pesciolini \u00e8 un capolavoro giocoso e raffinato, dove l\u2019arte italiana incontra il design senza tempo. Realizzato a mano da Stefano Coccioli, appartiene alla rara categoria dei tavolini in scagliola, creazioni che riportano in vita una tecnica rinascimentale con un tocco poetico e contemporaneo. Il nome, <em data-start=\"726\" data-end=\"738\">Pesciolini<\/em>cattura l\u2019essenza della sua superficie: un motivo fluido ispirato al movimento dei pesci nell\u2019acqua, reinterpretato in geometria e luce.<\/p>\n<p data-start=\"902\" data-end=\"1366\">La composizione Pesciolini \u00e8 definita da motivi ondulati che scorrono sulla superficie in scagliola, creando ritmo e continuit\u00e0. Proprio come un banco di pesci che si muove in armonia, il design trasmette movimento, fluidit\u00e0 e vitalit\u00e0. I pigmenti\u2014toni terrosi, grigi, accenti avorio e riflessi bluati\u2014si fondono in una tavolozza equilibrata e dinamica. A seconda della prospettiva e dell\u2019illuminazione, la superficie oscilla tra calma silenziosa e vibrante vitalit\u00e0.<\/p>\n<p data-start=\"1368\" data-end=\"1774\">Al cuore di questo tavolino risiede l\u2019antica arte della scagliola. Nata nell\u2019Italia rinascimentale, questa tecnica raffinata combina polveri di marmo, gesso e pigmenti naturali per creare superfici di straordinaria bellezza. Un tempo riservata a palazzi nobiliari e spazi sacri, oggi Coccioli la reinterpreta come arredo di lusso artigianale per interni contemporanei.<\/p>\n<p data-start=\"1776\" data-end=\"2068\">Ogni Tavolino Pesciolini \u00e8 unico. Poich\u00e9 il processo della scagliola \u00e8 interamente manuale, sottili variazioni assicurano che non esistano due pezzi identici. Questa individualit\u00e0 trasforma ogni tavolino in un oggetto da collezione irripetibile, autentica testimonianza di arte e artigianalit\u00e0.<\/p>\n<p data-start=\"2070\" data-end=\"2454\">Equilibrando bellezza e versatilit\u00e0, il Pesciolini \u00e8 disponibile con diametri di 45 cm e 75 cm, adattandosi sia a interni compatti che a spazi generosi. Il basamento in metallo \u00e8 proposto in tre varianti: altezza 30 cm, 40 cm o senza gambe. Per una personalizzazione ulteriore, la base pu\u00f2 essere scelta in Nero, Ottone, Ferro o Bianco, creando contrasti decisi o armonie delicate con la superficie in scagliola.<\/p>\n<p data-start=\"2456\" data-end=\"2719\">Che sia collocato in un salotto raffinato, nella lounge di un boutique hotel o in un loft contemporaneo, il Tavolino da caff\u00e8 Pesciolini diventa un centro scultoreo. La sua superficie ispirata al mondo acquatico porta freschezza e dinamismo, arricchendo gli interni con eleganza e carattere.<\/p>\n<p data-start=\"2721\" data-end=\"3009\">Oltre al design, il Pesciolini incarna la filosofia di Coccioli: pazienza nel processo, rispetto per i materiali e l\u2019ambizione di creare oggetti destinati a durare. A differenza dei mobili prodotti in serie, questo tavolino racchiude significato culturale e individualit\u00e0, destinato a diventare un cimelio senza tempo.<\/p>\n<p data-start=\"3011\" data-end=\"3300\">Pi\u00f9 che un semplice arredo, il Tavolino da caff\u00e8 Pesciolini \u00e8 un\u2019affermazione artistica, un dialogo tra tradizione e innovazione, natura e geometria, movimento e quiete. Con i suoi motivi fluidi e la sua essenza artigianale, trasforma gli interni in spazi curati di bellezza e significato.<\/p>","protected":false},"excerpt":{"rendered":"<p data-start=\"3357\" data-end=\"3624\">Il Tavolino da caff\u00e8 Pesciolini \u00e8 un pezzo in scagliola realizzato a mano, ispirato al movimento fluido dei pesci, che fonde natura, geometria e arte italiana. Ogni tavolino \u00e8 unic<\/p>\n<p data-start=\"3357\" data-end=\"3624\">Il tavolino potrebbe non essere disponibile nel nostro magazzino. Questo pezzo unico \u00e8 realizzato su ordinazione o \u00e8 un'edizione limitata. L'azione che stai per intraprendere \u00e8 una richiesta di preventivo personalizzato, non un acquisto immediato.<br aria-hidden=\"true\" \/>I dettagli esatti riguardanti i tempi di produzione, i costi di spedizione internazionali e l'eventuale gestione delle tasse doganali saranno calcolati specificatamente per il cliente e comunicati via email entro 24\/48 ore lavorative<\/p>","protected":false},"featured_media":15686,"comment_status":"open","ping_status":"closed","template":"","meta":[],"product_brand":[],"product_cat":[20],"product_tag":[],"class_list":{"0":"post-15678","1":"product","2":"type-product","3":"status-publish","4":"has-post-thumbnail","6":"product_cat-coffee-table","8":"first","9":"instock","10":"shipping-taxable","11":"purchasable","12":"product-type-variable"},"_links":{"self":[{"href":"https:\/\/coccioli.com\/it\/wp-json\/wp\/v2\/product\/15678","targetHints":{"allow":["GET"]}}],"collection":[{"href":"https:\/\/coccioli.com\/it\/wp-json\/wp\/v2\/product"}],"about":[{"href":"https:\/\/coccioli.com\/it\/wp-json\/wp\/v2\/types\/product"}],"replies":[{"embeddable":true,"href":"https:\/\/coccioli.com\/it\/wp-json\/wp\/v2\/comments?post=15678"}],"version-history":[{"count":5,"href":"https:\/\/coccioli.com\/it\/wp-json\/wp\/v2\/product\/15678\/revisions"}],"predecessor-version":[{"id":16837,"href":"https:\/\/coccioli.com\/it\/wp-json\/wp\/v2\/product\/15678\/revisions\/16837"}],"wp:featuredmedia":[{"embeddable":true,"href":"https:\/\/coccioli.com\/it\/wp-json\/wp\/v2\/media\/15686"}],"wp:attachment":[{"href":"https:\/\/coccioli.com\/it\/wp-json\/wp\/v2\/media?parent=15678"}],"wp:term":[{"taxonomy":"product_brand","embeddable":true,"href":"https:\/\/coccioli.com\/it\/wp-json\/wp\/v2\/product_brand?post=15678"},{"taxonomy":"product_cat","embeddable":true,"href":"https:\/\/coccioli.com\/it\/wp-json\/wp\/v2\/product_cat?post=15678"},{"taxonomy":"product_tag","embeddable":true,"href":"https:\/\/coccioli.com\/it\/wp-json\/wp\/v2\/product_tag?post=15678"}],"curies":[{"name":"wp","href":"https:\/\/api.w.org\/{rel}","templated":true}]}}