{"id":15690,"date":"2025-05-07T14:51:00","date_gmt":"2025-05-07T12:51:00","guid":{"rendered":"https:\/\/stefano.xplication.ro\/?post_type=product&#038;p=15690"},"modified":"2025-11-26T14:54:38","modified_gmt":"2025-11-26T13:54:38","slug":"coffee-table-rondini","status":"publish","type":"product","link":"https:\/\/coccioli.com\/it\/coffee-table-rondini\/","title":{"rendered":"Tavolino da caff\u00e8 Rondini"},"content":{"rendered":"<h1 data-start=\"369\" data-end=\"414\">Tavolino da caff\u00e8 Rondini<\/h1>\n<p data-start=\"416\" data-end=\"820\">Il Tavolino da caff\u00e8 Rondini \u00e8 un\u2019elegante unione di geometria, movimento e artigianato italiano. Realizzato a mano da Stefano Coccioli, appartiene al raro universo dei tavolini in scagliola, dove l\u2019arte rinascimentale rinasce per gli interni moderni. Il nome Rondini evoca i voli armoniosi delle rondini in cielo, tradotti in una composizione superficiale ipnotica.<\/p>\n<p data-start=\"822\" data-end=\"1299\">Il design del Rondini \u00e8 definito da ampie curve e geometrie fluide che ricordano il movimento naturale degli uccelli in volo. Ogni linea vibra di ritmo, creando una superficie che sembra viva, in costante armonia. La luce danza sulla scagliola, esaltando delicate variazioni di toni terrosi, grigi soffusi e sfumature avorio. Da ogni prospettiva, il tavolo Rondini rivela nuove profondit\u00e0, come se la geometria stessa mutasse con lo sguardo dell\u2019osservatore.<\/p>\n<p data-start=\"1301\" data-end=\"1672\">Al suo cuore, il Rondini celebra l\u2019arte della scagliola. Nata in Italia durante il Rinascimento, questa rara tecnica unisce polveri di marmo, gesso e pigmenti naturali per creare superfici che rivaleggiano o superano la pietra. Un tempo riservata a palazzi nobiliari e spazi sacri, oggi la scagliola viene riproposta da Coccioli come mobile artigianale di lusso.<\/p>\n<p data-start=\"1674\" data-end=\"1993\">Ogni Tavolino da caff\u00e8 Rondini \u00e8 interamente realizzato a mano, garantendo unicit\u00e0 e autenticit\u00e0. Nessuna superficie \u00e8 identica a un\u2019altra\u2014le sottili variazioni di tono e struttura assicurano che ogni pezzo sia un oggetto irripetibile, un vero esemplare da collezione che incarna arte e tradizione.<\/p>\n<p data-start=\"1995\" data-end=\"2467\">Oltre alla sua presenza artistica, il tavolo Rondini \u00e8 progettato per versatilit\u00e0 e funzione raffinata. \u00c8 disponibile con diametro di 45 cm o 60 cm, adattandosi a interni diversi. La base pu\u00f2 essere personalizzata in tre varianti\u2014piedistallo da 30 cm, da 40 cm o senza gambe\u2014offrendo flessibilit\u00e0 nella presentazione. Per una maggiore personalizzazione, la base in metallo \u00e8 proposta in Nero, Ottone, Ferro o Bianco, permettendo armonia o contrasto con la superficie in scagliola.<\/p>\n<p data-start=\"2469\" data-end=\"2713\">Collocato in un salotto raffinato, in un loft moderno o nella hall di un boutique hotel, il Tavolino Rondini diventa un centro scultoreo. Le sue geometrie curve portano equilibrio ed eleganza, mentre la sua qualit\u00e0 artigianale garantisce un fascino senza tempo.<\/p>\n<p data-start=\"2715\" data-end=\"2961\">Il Rondini incarna la filosofia di Coccioli: rispetto per i materiali, pazienza nel processo e design senza tempo. A differenza dei mobili prodotti in serie, questo tavolo porta con s\u00e9 una profondit\u00e0 culturale, collegando gli interni contemporanei a secoli di arte italiana.<\/p>\n<p data-start=\"2963\" data-end=\"3305\">Il Tavolino da caff\u00e8 Rondini \u00e8 pi\u00f9 di un tavolo\u2014\u00e8 un dialogo tra geometria e movimento, tra tradizione e innovazione, tra il ritmo della natura e l\u2019artigianato umano. Con il suo design fluido, la realizzazione artigianale e la risonanza culturale, \u00e8 destinato ad arricchire gli interni per generazioni come un\u2019eredit\u00e0 di arte e bellezza.<\/p>","protected":false},"excerpt":{"rendered":"<p>Il Tavolino da caff\u00e8 Rondini \u00e8 un pezzo in scagliola realizzato a mano, ispirato al movimento elegante delle rondini, che fonde geometria e design italiano senza tempo. Ogni tavolo \u00e8 unico.<\/p>\n<p>Il tavolino potrebbe non essere disponibile nel nostro magazzino. Questo pezzo unico \u00e8 realizzato su ordinazione o \u00e8 un'edizione limitata. L'azione che stai per intraprendere \u00e8 una richiesta di preventivo personalizzato, non un acquisto immediato.<br aria-hidden=\"true\" \/>I dettagli esatti riguardanti i tempi di produzione, i costi di spedizione internazionali e l'eventuale gestione delle tasse doganali saranno calcolati specificatamente per il cliente e comunicati via email entro 24\/48 ore lavorative<\/p>","protected":false},"featured_media":15691,"comment_status":"open","ping_status":"closed","template":"","meta":[],"product_brand":[],"product_cat":[20],"product_tag":[],"class_list":{"0":"post-15690","1":"product","2":"type-product","3":"status-publish","4":"has-post-thumbnail","6":"product_cat-coffee-table","8":"first","9":"onbackorder","10":"shipping-taxable","11":"purchasable","12":"product-type-variable"},"_links":{"self":[{"href":"https:\/\/coccioli.com\/it\/wp-json\/wp\/v2\/product\/15690","targetHints":{"allow":["GET"]}}],"collection":[{"href":"https:\/\/coccioli.com\/it\/wp-json\/wp\/v2\/product"}],"about":[{"href":"https:\/\/coccioli.com\/it\/wp-json\/wp\/v2\/types\/product"}],"replies":[{"embeddable":true,"href":"https:\/\/coccioli.com\/it\/wp-json\/wp\/v2\/comments?post=15690"}],"version-history":[{"count":5,"href":"https:\/\/coccioli.com\/it\/wp-json\/wp\/v2\/product\/15690\/revisions"}],"predecessor-version":[{"id":16835,"href":"https:\/\/coccioli.com\/it\/wp-json\/wp\/v2\/product\/15690\/revisions\/16835"}],"wp:featuredmedia":[{"embeddable":true,"href":"https:\/\/coccioli.com\/it\/wp-json\/wp\/v2\/media\/15691"}],"wp:attachment":[{"href":"https:\/\/coccioli.com\/it\/wp-json\/wp\/v2\/media?parent=15690"}],"wp:term":[{"taxonomy":"product_brand","embeddable":true,"href":"https:\/\/coccioli.com\/it\/wp-json\/wp\/v2\/product_brand?post=15690"},{"taxonomy":"product_cat","embeddable":true,"href":"https:\/\/coccioli.com\/it\/wp-json\/wp\/v2\/product_cat?post=15690"},{"taxonomy":"product_tag","embeddable":true,"href":"https:\/\/coccioli.com\/it\/wp-json\/wp\/v2\/product_tag?post=15690"}],"curies":[{"name":"wp","href":"https:\/\/api.w.org\/{rel}","templated":true}]}}