{"id":15706,"date":"2025-05-07T14:57:51","date_gmt":"2025-05-07T12:57:51","guid":{"rendered":"https:\/\/stefano.xplication.ro\/?post_type=product&#038;p=15706"},"modified":"2025-11-26T14:52:22","modified_gmt":"2025-11-26T13:52:22","slug":"coffee-table-zigzag","status":"publish","type":"product","link":"https:\/\/coccioli.com\/it\/coffee-table-zigzag\/","title":{"rendered":"Tavolino da caff\u00e8 Zigzag"},"content":{"rendered":"<h1 data-start=\"376\" data-end=\"420\">Tavolino da caff\u00e8 Zigzag<\/h1>\n<p data-start=\"422\" data-end=\"872\">Il Tavolino da caff\u00e8 Zigzag \u00e8 una coraggiosa esplorazione di geometria e ritmo, dove l\u2019artigianato italiano incontra il design contemporaneo. Realizzato a mano da Stefano Coccioli, appartiene all\u2019esclusiva categoria dei tavolini in scagliola, rare creazioni che reinterpretano una tecnica rinascimentale per gli interni di oggi. Il suo nome, <em data-start=\"743\" data-end=\"751\">Zigzag<\/em>riflette il dinamico disegno della superficie: un sorprendente intreccio di motivi angolari che generano movimento e profondit\u00e0 ottica.<\/p>\n<p data-start=\"874\" data-end=\"1304\">La composizione Zigzag \u00e8 al tempo stesso grafica e scultorea. Linee diagonali nette si intersecano in direzioni alternate, formando una superficie che appare in costante movimento. A seconda dell\u2019angolazione e della luce, il tavolo rivela nuove prospettive\u2014a volte energiche, a volte armoniose, ma sempre affascinanti. Pigmenti terrosi, grigi e accenti avorio si intrecciano per creare una ricca trama visiva che esalta l\u2019effetto geometrico.<\/p>\n<p data-start=\"1306\" data-end=\"1698\">Al cuore di questo pezzo vi \u00e8 la tradizione secolare della scagliola. Sviluppata in Italia durante il Rinascimento, questa tecnica artigianale utilizza polveri di marmo, gesso e pigmenti naturali per produrre superfici di straordinaria ricchezza. Un tempo destinata all\u2019architettura sacra e alle residenze nobiliari, la scagliola trova oggi nuova voce nel lavoro di Coccioli, trasformandosi in arredo artigianale di lusso.<\/p>\n<p data-start=\"1700\" data-end=\"2029\">Ogni Tavolino da caff\u00e8 Zigzag \u00e8 completamente realizzato a mano. Il processo della scagliola assicura individualit\u00e0: sottili variazioni di tono e motivo rendono impossibile che due tavoli siano identici. Questa unicit\u00e0 eleva lo Zigzag da semplice mobile a oggetto da collezione irripetibile, incarnando autenticit\u00e0 e visione artistica.<\/p>\n<p data-start=\"2031\" data-end=\"2490\">Progettato con eleganza e funzionalit\u00e0, il tavolo Zigzag \u00e8 disponibile con diametro di 45 cm, offrendo equilibrio tra compattezza e presenza scenica. La base pu\u00f2 essere personalizzata in tre varianti\u2014piedistallo da 30 cm, da 40 cm o senza gambe\u2014per adattarsi a diversi tipi di interni. Per una personalizzazione ulteriore, il piedistallo metallico \u00e8 proposto in Nero, Ottone, Ferro o Bianco, consentendo contrasti o armonie con la superficie in scagliola.<\/p>\n<p data-start=\"2492\" data-end=\"2757\">Collocato in un salotto raffinato, in un loft creativo o nella lounge di un boutique hotel, il Tavolino Zigzag cattura l\u2019attenzione. La sua geometria angolare trasmette energia e ritmo, facendone un centrotavola scultoreo che arricchisce ogni ambiente senza sovrastarlo.<\/p>\n<p data-start=\"2759\" data-end=\"3016\">Al di l\u00e0 dell\u2019aspetto sorprendente, il tavolo Zigzag riflette la filosofia di Coccioli: rispetto per i materiali, pazienza nel processo e ambizione di creare oggetti senza tempo. A differenza dei mobili prodotti in serie, porta con s\u00e9 profondit\u00e0 culturale e individualit\u00e0 artistica.<\/p>\n<p data-start=\"3018\" data-end=\"3316\">Il Tavolino da caff\u00e8 Zigzag \u00e8 pi\u00f9 di un tavolo\u2014\u00e8 l\u2019incontro tra geometria e artigianato, tra tradizione e innovazione, tra design ed emozione. Con i suoi motivi dinamici e la realizzazione artigianale, \u00e8 destinato a diventare non solo un oggetto funzionale, ma anche un\u2019eredit\u00e0 scultorea per le generazioni future.<\/p>","protected":false},"excerpt":{"rendered":"<p data-start=\"3369\" data-end=\"3608\">Il Tavolino da caff\u00e8 Zigzag \u00e8 un pezzo in scagliola realizzato a mano, definito da audaci motivi geometrici e dall\u2019arte italiana senza tempo. Ogni tavolo \u00e8 unico.<\/p>\n<p data-start=\"3369\" data-end=\"3608\">Il tavolino potrebbe non essere disponibile nel nostro magazzino. Questo pezzo unico \u00e8 realizzato su ordinazione o \u00e8 un'edizione limitata. L'azione che stai per intraprendere \u00e8 una richiesta di preventivo personalizzato, non un acquisto immediato.<br aria-hidden=\"true\" \/>I dettagli esatti riguardanti i tempi di produzione, i costi di spedizione internazionali e l'eventuale gestione delle tasse doganali saranno calcolati specificatamente per il cliente e comunicati via email entro 24\/48 ore lavorative<\/p>","protected":false},"featured_media":15707,"comment_status":"open","ping_status":"closed","template":"","meta":[],"product_brand":[],"product_cat":[20],"product_tag":[],"class_list":{"0":"post-15706","1":"product","2":"type-product","3":"status-publish","4":"has-post-thumbnail","6":"product_cat-coffee-table","8":"first","9":"instock","10":"shipping-taxable","11":"purchasable","12":"product-type-variable","13":"has-default-attributes"},"_links":{"self":[{"href":"https:\/\/coccioli.com\/it\/wp-json\/wp\/v2\/product\/15706","targetHints":{"allow":["GET"]}}],"collection":[{"href":"https:\/\/coccioli.com\/it\/wp-json\/wp\/v2\/product"}],"about":[{"href":"https:\/\/coccioli.com\/it\/wp-json\/wp\/v2\/types\/product"}],"replies":[{"embeddable":true,"href":"https:\/\/coccioli.com\/it\/wp-json\/wp\/v2\/comments?post=15706"}],"version-history":[{"count":5,"href":"https:\/\/coccioli.com\/it\/wp-json\/wp\/v2\/product\/15706\/revisions"}],"predecessor-version":[{"id":16831,"href":"https:\/\/coccioli.com\/it\/wp-json\/wp\/v2\/product\/15706\/revisions\/16831"}],"wp:featuredmedia":[{"embeddable":true,"href":"https:\/\/coccioli.com\/it\/wp-json\/wp\/v2\/media\/15707"}],"wp:attachment":[{"href":"https:\/\/coccioli.com\/it\/wp-json\/wp\/v2\/media?parent=15706"}],"wp:term":[{"taxonomy":"product_brand","embeddable":true,"href":"https:\/\/coccioli.com\/it\/wp-json\/wp\/v2\/product_brand?post=15706"},{"taxonomy":"product_cat","embeddable":true,"href":"https:\/\/coccioli.com\/it\/wp-json\/wp\/v2\/product_cat?post=15706"},{"taxonomy":"product_tag","embeddable":true,"href":"https:\/\/coccioli.com\/it\/wp-json\/wp\/v2\/product_tag?post=15706"}],"curies":[{"name":"wp","href":"https:\/\/api.w.org\/{rel}","templated":true}]}}