{"id":15710,"date":"2025-05-07T14:59:45","date_gmt":"2025-05-07T12:59:45","guid":{"rendered":"https:\/\/stefano.xplication.ro\/?post_type=product&#038;p=15710"},"modified":"2025-11-26T14:51:59","modified_gmt":"2025-11-26T13:51:59","slug":"coffee-table-salice","status":"publish","type":"product","link":"https:\/\/coccioli.com\/it\/coffee-table-salice\/","title":{"rendered":"Tavolino da caff\u00e8 Salice"},"content":{"rendered":"<h1 data-start=\"443\" data-end=\"487\">Tavolino da caff\u00e8 Salice<\/h1>\n<p data-start=\"489\" data-end=\"938\">Il Tavolino da caff\u00e8 Salice \u00e8 una celebrazione dell\u2019eleganza, dell\u2019ispirazione naturale e dell\u2019artigianato italiano. Realizzato a mano da Stefano Coccioli, appartiene all\u2019esclusiva collezione di tavolini in scagliola, dove la maestria di una tecnica rinascimentale incontra il design d\u2019interni contemporaneo. Il nome <em data-start=\"790\" data-end=\"798\">Salice<\/em>evoca le curve aggraziate e la delicata presenza delle foglie di salice, reinterpretate in una raffinata composizione di superficie.<\/p>\n<p data-start=\"940\" data-end=\"1361\">Il motivo Salice incarna movimento e fluidit\u00e0. La superficie in scagliola rivela linee delicate e sottili variazioni tonali che ricordano l\u2019ondeggiare dei rami di salice mossi dal vento. Toni terrosi, accenti avorio e sfumature grigie si intrecciano creando una superficie al tempo stesso calma e dinamica. A seconda della luce, il tavolo si trasforma, passando da un calore tranquillo a una vibrante presenza scultorea.<\/p>\n<p data-start=\"1363\" data-end=\"1753\">Al cuore di questo capolavoro si trova l\u2019arte della scagliola. Nata in Italia durante il Rinascimento, questa rara tecnica combina polveri di marmo, gesso e pigmenti naturali per creare superfici che rivaleggiano o superano la pietra. Un tempo riservata a spazi sacri e palazzi aristocratici, Coccioli oggi reinterpreta quest\u2019arte nobile per gli interni contemporanei, dando vita a un arredo artigianale di lusso unico.<\/p>\n<p data-start=\"1755\" data-end=\"2083\">Ogni Tavolino da caff\u00e8 Salice \u00e8 interamente realizzato a mano, garantendo unicit\u00e0. Nessuna superficie \u00e8 mai identica a un\u2019altra, poich\u00e9 il processo della scagliola assicura variazioni naturali di colore e motivo. Questa autenticit\u00e0 trasforma ogni tavolo in un oggetto irripetibile, un vero pezzo da collezione che incarna arte ed eredit\u00e0 culturale.<\/p>\n<p data-start=\"2085\" data-end=\"2508\">La funzionalit\u00e0 completa l\u2019arte grazie a proporzioni studiate con attenzione. Il tavolo Salice ha un diametro di 60 cm, offrendo equilibrio tra praticit\u00e0 e presenza scenica. Il piedistallo \u00e8 disponibile in una raffinata altezza di 40 cm, garantendo comfort ed eleganza nell\u2019uso. Per adattarsi a diversi interni, la base metallica \u00e8 proposta in Nero, Ottone, Ferro o Bianco, creando contrasto o armonia a seconda della finitura scelta.<\/p>\n<p data-start=\"2510\" data-end=\"2789\">Inserito in un salotto raffinato, in un loft moderno o in un boutique hotel, il Tavolino Salice non occupa semplicemente lo spazio\u2014lo valorizza. La sua ispirazione organica, combinata con la precisione artigianale, lo rende un centrotavola scultoreo che unisce natura e design.<\/p>\n<p data-start=\"2791\" data-end=\"3032\">Il tavolo Salice riflette la filosofia di Coccioli: rispetto per i materiali, pazienza nel processo e design senza tempo. A differenza dei mobili prodotti in serie, questo pezzo porta con s\u00e9 profondit\u00e0 culturale, collegando il presente a secoli di arte italiana.<\/p>\n<p data-start=\"3034\" data-end=\"3346\">Il Tavolino da caff\u00e8 Salice \u00e8 pi\u00f9 di un arredo\u2014\u00e8 un dialogo tra tradizione e innovazione, tra ispirazione naturale e maestria artistica. Con la sua superficie ispirata al salice, le proporzioni raffinate e la realizzazione artigianale, si afferma come un\u2019eredit\u00e0 in divenire, capace di arricchire gli interni per generazioni.<\/p>","protected":false},"excerpt":{"rendered":"<p>Il Tavolino da caff\u00e8 Salice \u00e8 un pezzo in scagliola realizzato a mano, ispirato alla grazia del salice, che fonde motivi organici con il design italiano senza tempo. Ogni tavolo \u00e8 unico.<\/p>\n<p>Il tavolino potrebbe non essere disponibile nel nostro magazzino. Questo pezzo unico \u00e8 realizzato su ordinazione o \u00e8 un'edizione limitata. L'azione che stai per intraprendere \u00e8 una richiesta di preventivo personalizzato, non un acquisto immediato.<br aria-hidden=\"true\" \/>I dettagli esatti riguardanti i tempi di produzione, i costi di spedizione internazionali e l'eventuale gestione delle tasse doganali saranno calcolati specificatamente per il cliente e comunicati via email entro 24\/48 ore lavorative<\/p>","protected":false},"featured_media":15711,"comment_status":"open","ping_status":"closed","template":"","meta":[],"product_brand":[],"product_cat":[20],"product_tag":[],"class_list":{"0":"post-15710","1":"product","2":"type-product","3":"status-publish","4":"has-post-thumbnail","6":"product_cat-coffee-table","8":"first","9":"instock","10":"shipping-taxable","11":"product-type-simple"},"_links":{"self":[{"href":"https:\/\/coccioli.com\/it\/wp-json\/wp\/v2\/product\/15710","targetHints":{"allow":["GET"]}}],"collection":[{"href":"https:\/\/coccioli.com\/it\/wp-json\/wp\/v2\/product"}],"about":[{"href":"https:\/\/coccioli.com\/it\/wp-json\/wp\/v2\/types\/product"}],"replies":[{"embeddable":true,"href":"https:\/\/coccioli.com\/it\/wp-json\/wp\/v2\/comments?post=15710"}],"version-history":[{"count":6,"href":"https:\/\/coccioli.com\/it\/wp-json\/wp\/v2\/product\/15710\/revisions"}],"predecessor-version":[{"id":16830,"href":"https:\/\/coccioli.com\/it\/wp-json\/wp\/v2\/product\/15710\/revisions\/16830"}],"wp:featuredmedia":[{"embeddable":true,"href":"https:\/\/coccioli.com\/it\/wp-json\/wp\/v2\/media\/15711"}],"wp:attachment":[{"href":"https:\/\/coccioli.com\/it\/wp-json\/wp\/v2\/media?parent=15710"}],"wp:term":[{"taxonomy":"product_brand","embeddable":true,"href":"https:\/\/coccioli.com\/it\/wp-json\/wp\/v2\/product_brand?post=15710"},{"taxonomy":"product_cat","embeddable":true,"href":"https:\/\/coccioli.com\/it\/wp-json\/wp\/v2\/product_cat?post=15710"},{"taxonomy":"product_tag","embeddable":true,"href":"https:\/\/coccioli.com\/it\/wp-json\/wp\/v2\/product_tag?post=15710"}],"curies":[{"name":"wp","href":"https:\/\/api.w.org\/{rel}","templated":true}]}}