{"id":15714,"date":"2025-05-07T15:01:20","date_gmt":"2025-05-07T13:01:20","guid":{"rendered":"https:\/\/stefano.xplication.ro\/?post_type=product&#038;p=15714"},"modified":"2025-11-26T14:51:47","modified_gmt":"2025-11-26T13:51:47","slug":"coffee-table-foglie","status":"publish","type":"product","link":"https:\/\/coccioli.com\/it\/coffee-table-foglie\/","title":{"rendered":"Tavolino da caff\u00e8 Foglie"},"content":{"rendered":"<h1 data-start=\"399\" data-end=\"443\">Tavolino da caff\u00e8 Foglie<\/h1>\n<p data-start=\"445\" data-end=\"919\">Il Tavolino da caff\u00e8 Foglie \u00e8 un\u2019ode alla natura, alla geometria e all\u2019artigianato italiano. Realizzato a mano da Stefano Coccioli, fa parte dell\u2019esclusiva collezione di tavolini in scagliola, dove un\u2019antica tecnica rinascimentale viene reinterpretata per gli interni contemporanei. Il suo nome, Foglie, cattura l\u2019ispirazione dietro il design: una superficie che ricorda delicati motivi fogliari, in cui forme e venature si intrecciano in un\u2019armonia organica. <em data-start=\"732\" data-end=\"740\">Foglie<\/em>\u2014meaning \u201cleaves\u201d in Italian\u2014captures the inspiration behind its design: a surface that resembles delicate foliage patterns, where shapes and veins interlace in organic harmony.<\/p>\n<p data-start=\"921\" data-end=\"1376\">La composizione Foglie \u00e8 un dialogo tra natura e geometria. La superficie in scagliola \u00e8 lavorata per evocare la struttura sovrapposta delle foglie, con sottili contrasti tonali che cambiano sotto la luce. Dai verdi profondi e pigmenti terrosi agli accenti avorio, ogni dettaglio trasmette la sensazione di un tappeto di foglie catturato nella pietra. A seconda della prospettiva e dell\u2019illuminazione, la superficie del tavolo rivela nuove sfumature, proprio come la natura stessa, in continua trasformazione.<\/p>\n<p data-start=\"1378\" data-end=\"1820\">L\u2019arte del Tavolino Foglie risiede nel suo materiale: la scagliola, una tecnica nata in Italia durante il Rinascimento. Combinando polveri di marmo, gesso e pigmenti naturali, la scagliola produce superfici che eguagliano o superano la ricchezza della pietra. Una tecnica un tempo destinata a palazzi e spazi sacri, oggi viene rivitalizzata da Coccioli, trasformandosi in simbolo di arredamento artigianale di lusso per gli interni moderni.<\/p>\n<p data-start=\"1822\" data-end=\"2129\">Ogni tavolo Foglie \u00e8 completamente unico, poich\u00e9 il processo di scagliola \u00e8 interamente manuale. Nessun pezzo \u00e8 identico all\u2019altro, garantendo che ogni tavolo sia una creazione irripetibile. Questa individualit\u00e0 lo rende non solo un mobile, ma un oggetto da collezione che incarna autenticit\u00e0 e arte.<\/p>\n<p data-start=\"2131\" data-end=\"2603\">La praticit\u00e0 si unisce all\u2019arte grazie a proporzioni studiate con cura. Il tavolo Foglie \u00e8 disponibile con diametro di 45 cm o 60 cm, adattandosi a diverse tipologie di interni. La base pu\u00f2 essere personalizzata in tre varianti\u2014piedistallo da 30 cm, da 40 cm o senza gambe\u2014per adattarsi a diversi stili e funzioni. Per una maggiore integrazione con l\u2019ambiente, il piedistallo metallico \u00e8 disponibile in Nero, Ottone, Ferro o Bianco, creando armonie o contrasti con la superficie organica del tavolo.<\/p>\n<p data-start=\"2605\" data-end=\"2864\">Che sia in un salotto raffinato, in un loft moderno o nella hall di un boutique hotel, il Tavolino Foglie diventa un centro scultoreo. La sua superficie ispirata alle foglie porta la natura negli interni, mentre la sua lavorazione artigianale lo trasforma in un\u2019opera senza tempo.<\/p>\n<p data-start=\"2866\" data-end=\"3157\">Al di l\u00e0 della bellezza, il tavolo riflette la filosofia di Coccioli: rispetto per la tradizione, pazienza nel processo e creazione di oggetti che trascendono le mode passeggere. Il Tavolino Foglie non \u00e8 un prodotto di massa, ma una creazione modellata dall\u2019arte e dalla visione, pensata per arricchire gli interni per generazioni.<\/p>\n<p data-start=\"3159\" data-end=\"3445\">Il Tavolino da caff\u00e8 Foglie \u00e8 pi\u00f9 di un semplice arredo\u2014\u00e8 il punto d\u2019incontro tra l\u2019arte della scagliola, il design artigianale di lusso e il patrimonio italiano. Con i suoi motivi fogliari e la sua profondit\u00e0 culturale, si afferma come un\u2019eredit\u00e0 scultorea, un pezzo senza tempo in cui natura e artigianato si fondono.<\/p>","protected":false},"excerpt":{"rendered":"<p>Il Tavolino da caff\u00e8 Foglie \u00e8 un pezzo in scagliola realizzato a mano, ispirato alla natura, con delicati motivi a foglia e dal design italiano senza tempo. Ogni tavolo \u00e8 unico.<\/p>\n<p>Il tavolino potrebbe non essere disponibile nel nostro magazzino. Questo pezzo unico \u00e8 realizzato su ordinazione o \u00e8 un'edizione limitata. L'azione che stai per intraprendere \u00e8 una richiesta di preventivo personalizzato, non un acquisto immediato.<br aria-hidden=\"true\" \/>I dettagli esatti riguardanti i tempi di produzione, i costi di spedizione internazionali e l'eventuale gestione delle tasse doganali saranno calcolati specificatamente per il cliente e comunicati via email entro 24\/48 ore lavorative<\/p>","protected":false},"featured_media":15715,"comment_status":"open","ping_status":"closed","template":"","meta":[],"product_brand":[],"product_cat":[20],"product_tag":[],"class_list":{"0":"post-15714","1":"product","2":"type-product","3":"status-publish","4":"has-post-thumbnail","6":"product_cat-coffee-table","8":"first","9":"onbackorder","10":"shipping-taxable","11":"purchasable","12":"product-type-variable"},"_links":{"self":[{"href":"https:\/\/coccioli.com\/it\/wp-json\/wp\/v2\/product\/15714","targetHints":{"allow":["GET"]}}],"collection":[{"href":"https:\/\/coccioli.com\/it\/wp-json\/wp\/v2\/product"}],"about":[{"href":"https:\/\/coccioli.com\/it\/wp-json\/wp\/v2\/types\/product"}],"replies":[{"embeddable":true,"href":"https:\/\/coccioli.com\/it\/wp-json\/wp\/v2\/comments?post=15714"}],"version-history":[{"count":5,"href":"https:\/\/coccioli.com\/it\/wp-json\/wp\/v2\/product\/15714\/revisions"}],"predecessor-version":[{"id":16829,"href":"https:\/\/coccioli.com\/it\/wp-json\/wp\/v2\/product\/15714\/revisions\/16829"}],"wp:featuredmedia":[{"embeddable":true,"href":"https:\/\/coccioli.com\/it\/wp-json\/wp\/v2\/media\/15715"}],"wp:attachment":[{"href":"https:\/\/coccioli.com\/it\/wp-json\/wp\/v2\/media?parent=15714"}],"wp:term":[{"taxonomy":"product_brand","embeddable":true,"href":"https:\/\/coccioli.com\/it\/wp-json\/wp\/v2\/product_brand?post=15714"},{"taxonomy":"product_cat","embeddable":true,"href":"https:\/\/coccioli.com\/it\/wp-json\/wp\/v2\/product_cat?post=15714"},{"taxonomy":"product_tag","embeddable":true,"href":"https:\/\/coccioli.com\/it\/wp-json\/wp\/v2\/product_tag?post=15714"}],"curies":[{"name":"wp","href":"https:\/\/api.w.org\/{rel}","templated":true}]}}